{"id":20,"date":"2025-03-24T16:13:29","date_gmt":"2025-03-24T16:13:29","guid":{"rendered":"https:\/\/satenergy.com\/wp3\/contact\/"},"modified":"2025-05-09T12:41:33","modified_gmt":"2025-05-09T11:41:33","slug":"contacto","status":"publish","type":"page","link":"https:\/\/satenergy.com\/wp3\/contacto\/","title":{"rendered":"Contacto"},"content":{"rendered":"\n\n\n\n<h4 [object NamedNodeMap]>Em caso de alguma d\u00favida ou necessidade de nos contactar, preencha o seguinte formul\u00e1rio ou use um dos m\u00e9todos alternativos:<\/h4>\n\n\n\n\n<h1>Entre em contacto:<\/h1>\n\n\n\n\n\n\n\n\n\n\n<p [object NamedNodeMap]>[Clique no \u00edcone do endere\u00e7o para abrir no Google Maps.]<\/p>\n\n<br>\n\n<br>\n\n<br>\n\n\n\n\n<iframe src=\"https:\/\/www.google.com\/maps\/embed?pb=!1m18!1m12!1m3!1d3034.5841970751644!2d-8.096800787614367!3d40.484462971309604!2m3!1f0!2f0!3f0!3m2!1i1024!2i768!4f13.1!3m3!1m2!1s0xd23231f6c570d49%3A0x2b2ce24b42edfa74!2sSat%20Energy%20Lda!5e0!3m2!1spt-PT!2spt!4v1743004931614!5m2!1spt-PT!2spt\" width=\"600\" height=\"450\" style=\"border:0;\" allowfullscreen=\"\" loading=\"lazy\" referrerpolicy=\"no-referrer-when-downgrade\"><\/iframe>\n\n\n\n","protected":false},"excerpt":{"rendered":"","protected":false},"author":1,"featured_media":0,"parent":0,"menu_order":0,"comment_status":"closed","ping_status":"closed","template":"","meta":{"pagelayer_contact_templates":{"hEmrI307":{"cont_subject":"Contact Page Contact Form","cont_header":"$name, $email, $service, $subject, $message","cont_use_html":"true"}},"_pagelayer_content":"","footnotes":""},"class_list":["post-20","page","type-page","status-publish","hentry"],"_links":{"self":[{"href":"https:\/\/satenergy.com\/wp3\/wp-json\/wp\/v2\/pages\/20","targetHints":{"allow":["GET"]}}],"collection":[{"href":"https:\/\/satenergy.com\/wp3\/wp-json\/wp\/v2\/pages"}],"about":[{"href":"https:\/\/satenergy.com\/wp3\/wp-json\/wp\/v2\/types\/page"}],"author":[{"embeddable":true,"href":"https:\/\/satenergy.com\/wp3\/wp-json\/wp\/v2\/users\/1"}],"replies":[{"embeddable":true,"href":"https:\/\/satenergy.com\/wp3\/wp-json\/wp\/v2\/comments?post=20"}],"version-history":[{"count":0,"href":"https:\/\/satenergy.com\/wp3\/wp-json\/wp\/v2\/pages\/20\/revisions"}],"wp:attachment":[{"href":"https:\/\/satenergy.com\/wp3\/wp-json\/wp\/v2\/media?parent=20"}],"curies":[{"name":"wp","href":"https:\/\/api.w.org\/{rel}","templated":true}]}}