{"id":21,"date":"2025-03-24T16:13:29","date_gmt":"2025-03-24T16:13:29","guid":{"rendered":"https:\/\/satenergy.com\/wp3\/home\/"},"modified":"2026-01-15T16:17:45","modified_gmt":"2026-01-15T16:17:45","slug":"home","status":"publish","type":"page","link":"https:\/\/satenergy.com\/wp3\/","title":{"rendered":"Home"},"content":{"rendered":"\n\n\n<h2>Trabalhamos com os principais fabricantes mundiais<\/h2>\n\n\n\n\n<h1>Sobre a SAT<\/h1>\n<h5>Fundada em 20 de fevereiro de 2009, a SAT Energy, Lda. \u00e9 uma empresa din\u00e2mica com um excelente sentido profissional. Com uma vasta equipa de colaboradores e parceiros, na rede el\u00e9trica como nas telecomunica\u00e7\u00f5es.<\/h5>\n\n\n\n\n\n\n<h4 style=\"color: rgb(0, 102, 204);\">Clique para visitar a galeria da SAT.<\/h4>\n\n\n\n\n\n\n\n\n\n\n\n\n\n\n\n<h2>SAT Energy, Lda. no Mundo<br><\/h2>\n<h5>J\u00e1 realizamos projetos nos seguintes pa\u00edses<\/h5>\n\nEst\u00f3nia\nHolanda\nBielorr\u00fassia\nPol\u00f3nia\nAlemanha\nEmirados \u00c1rabes Unidos\nBenim\nGuin\u00e9 Equatorial\nSui\u00e7a\nEspanha\nPortugal\nRom\u00e9nia\nGr\u00e9cia\nIt\u00e1lia\nCuba\nEl Salvador\nMarrocos\n\n\n\n\n\n\n\n\n\n\n\n\n\n<h1>POL\u00cdTICA INTEGRADA DA QUALIDADE, AMBIENTE E SEGURAN\u00c7A<\/h1>\n\n<p><strong>Empresa certificada conforme a norma ISO9001:2015<\/strong><\/p>\n\n\n\n\n","protected":false},"excerpt":{"rendered":"","protected":false},"author":1,"featured_media":0,"parent":0,"menu_order":0,"comment_status":"closed","ping_status":"closed","template":"","meta":{"pagelayer_contact_templates":[],"_pagelayer_content":"","footnotes":""},"class_list":["post-21","page","type-page","status-publish","hentry"],"_links":{"self":[{"href":"https:\/\/satenergy.com\/wp3\/wp-json\/wp\/v2\/pages\/21","targetHints":{"allow":["GET"]}}],"collection":[{"href":"https:\/\/satenergy.com\/wp3\/wp-json\/wp\/v2\/pages"}],"about":[{"href":"https:\/\/satenergy.com\/wp3\/wp-json\/wp\/v2\/types\/page"}],"author":[{"embeddable":true,"href":"https:\/\/satenergy.com\/wp3\/wp-json\/wp\/v2\/users\/1"}],"replies":[{"embeddable":true,"href":"https:\/\/satenergy.com\/wp3\/wp-json\/wp\/v2\/comments?post=21"}],"version-history":[{"count":10,"href":"https:\/\/satenergy.com\/wp3\/wp-json\/wp\/v2\/pages\/21\/revisions"}],"predecessor-version":[{"id":1493,"href":"https:\/\/satenergy.com\/wp3\/wp-json\/wp\/v2\/pages\/21\/revisions\/1493"}],"wp:attachment":[{"href":"https:\/\/satenergy.com\/wp3\/wp-json\/wp\/v2\/media?parent=21"}],"curies":[{"name":"wp","href":"https:\/\/api.w.org\/{rel}","templated":true}]}}