{"id":257,"date":"2025-03-26T09:19:08","date_gmt":"2025-03-26T09:19:08","guid":{"rendered":"https:\/\/satenergy.com\/wp3\/?page_id=257"},"modified":"2026-01-22T18:31:55","modified_gmt":"2026-01-22T18:31:55","slug":"qas","status":"publish","type":"page","link":"https:\/\/satenergy.com\/wp3\/qas\/","title":{"rendered":"POL\u00cdTICA INTEGRADA DA QUALIDADE, AMBIENTE E SEGURAN\u00c7A"},"content":{"rendered":"\n\n\n<span style=\"color:#000000;\">\n<h4>A SAT ENERGY Lda, prestadora de servi\u00e7os em passagem de cabo subterr\u00e2neo e montagem de acess\u00f3rios (caixas de fim de cabo; caixas de uni\u00e3o e caixas de liga\u00e7\u00e3o \u00e0 terra) de m\u00e9dia, alta e muito alta tens\u00e3o, visa:<\/h4>\n<br><br>\n<strong><em>\n<span style=\"font-size: large;\">\n\n\u2713 Assegurar o cumprimento da legisla\u00e7\u00e3o e normas aplic\u00e1veis e vigentes, incluindo requesitos legais e outros subscritos pela organiza\u00e7\u00e3o;\n<br><br>\n\n\u2713 Executar servi\u00e7os que satisfa\u00e7am as necessidades e expetativas do cliente, assegurando elevados padr\u00f5es de qualidade;<br><br>\n\n\u2713 Desenvolver as suas atividades sob apertadas condi\u00e7\u00f5es de seguran\u00e7a, tendo em vista a mitiga\u00e7\u00e3o ou controlo do risco em n\u00edveis aceit\u00e1veis, com foco na preven\u00e7\u00e3o de les\u00f5es, afe\u00e7\u00f5es e problemas de sa\u00fade relacionados com o trabalho;<br><br>\n\n\u2713 Promover o uso de materiais, processos e pr\u00e1ticas que possam, sempre que poss\u00edvel, reduzir ou controlar a polui\u00e7\u00e3o, de modo a melhorar o seu desempenho ambiental;<br><br>\n\n\u2713 Proteger o meio ambiente, incluindo a preven\u00e7\u00e3o da polui\u00e7\u00e3o e outros compromissos espec\u00edficos relevantes para o contexto da organiza\u00e7\u00e3o, como a preserva\u00e7\u00e3o da biodiversidade e o uso sustent\u00e1vel de recursos;\n<br><br>\n\n\u2713 Integrar considera\u00e7\u00f5es ambientais na gest\u00e3o estrat\u00e9gica, no planeamento e na execu\u00e7\u00e3o de todas as atividades;\n<br><br>\n\n\u2713 Assegurar a melhoria cont\u00ednua dos seus processos, produtos e servi\u00e7os, preservando os recursos naturais, respeitando o ambiente e a seguran\u00e7a dos intervenientes;<br><br>\n\n\u2713 Desenvolver um esfor\u00e7o cont\u00ednuo na procura de alternativas vi\u00e1veis para a gest\u00e3o de res\u00edduos e uso eficiente de recursos naturais;<br><br>\n\n\u2713 Estabelecer rela\u00e7\u00f5es de parceria mutuamente ben\u00e9ficas com clientes, fornecedores, colaboradores e todos os intervenientes;<br><br>\n\n\u2713 Promover a\u00e7\u00f5es de forma\u00e7\u00e3o e sensibiliza\u00e7\u00e3o aos colaboradores e subcontratados, em prol da melhoria das suas compet\u00eancias e consolida\u00e7\u00e3o da responsabilidade individual e coletiva;<br><br>\n\n\u2713 Promover a consulta, escuta ativa e participa\u00e7\u00e3o dos trabalhadores e seus representantes na tomada de decis\u00f5es relacionadas com a seguran\u00e7a e sa\u00fade no trabalho;<br><br>\n\n\u2713 Rever os objetivos e metas de qualidade, ambiente e seguran\u00e7a no trabalho;<br><br>\n\n\u2713 Eliminar perigos e reduzir riscos para a sa\u00fade e seguran\u00e7a no trabalho por meio de a\u00e7\u00f5es preventivas, medidas de controlo e avalia\u00e7\u00e3o permanente dos riscos;<br><br>\n\n\u2713 Assegurar que todos os colaboradores conhe\u00e7am, compreendam e apliquem esta Pol\u00edtica;<br><br>\n\n\u2713 Disponibilizar os recursos necess\u00e1rios para assegurar locais de trabalho seguros e saud\u00e1veis, adequados \u00e0 natureza das suas atividades, riscos e oportunidades;<br><br>\n\n\n\u2713 Avaliar os impactos ambientais das suas atividades, produtos e servi\u00e7os, e implementar a\u00e7\u00f5es para mitigar os efeitos adversos significativos;<br><br>\n\n\n\u2713 Estabelecer, rever e monitorizar objetivos e metas de qualidade, ambiente e seguran\u00e7a no trabalho, alinhados com os compromissos de conformidade, prote\u00e7\u00e3o ambiental e melhoria cont\u00ednua;<br><br>\n\n\n\u2713 Avaliar o desempenho em sa\u00fade, seguran\u00e7a e ambiente com base em indicadores claros, a\u00e7\u00f5es corretivas e oportunidades de melhoria;<br><br>\n\n\n\u2713 Rever e manter atualizada esta Pol\u00edtica, garantindo a sua adequa\u00e7\u00e3o cont\u00ednua \u00e0 realidade da empresa e \u00e0s exig\u00eancias legais e normativas.<br><br>\n\n<h5>A SAT ENERGY, Lda. pretende garantir que o Sistema de Gest\u00e3o Integrado (Qualidade, Ambiente e SST) seja entendido n\u00e3o s\u00f3 como uma cultura de trabalho, mas como um compromisso partilhado por todos, refletido nas a\u00e7\u00f5es do dia-a-dia e orientado para a prote\u00e7\u00e3o do ambiente, sa\u00fade, seguran\u00e7a e bem-estar dos seus colaboradores, bem como para a melhoria cont\u00ednua do seu desempenho organizacional e da imagem da empresa.<\/h5> \n<\/span><\/em><\/strong><\/span>\n\n\n\n\n\n\n\n\n\n\n\n\n\n\n\n\n\n\n\n","protected":false},"excerpt":{"rendered":"","protected":false},"author":1,"featured_media":0,"parent":0,"menu_order":0,"comment_status":"closed","ping_status":"closed","template":"","meta":{"pagelayer_contact_templates":[],"_pagelayer_content":"","footnotes":""},"class_list":["post-257","page","type-page","status-publish","hentry"],"_links":{"self":[{"href":"https:\/\/satenergy.com\/wp3\/wp-json\/wp\/v2\/pages\/257","targetHints":{"allow":["GET"]}}],"collection":[{"href":"https:\/\/satenergy.com\/wp3\/wp-json\/wp\/v2\/pages"}],"about":[{"href":"https:\/\/satenergy.com\/wp3\/wp-json\/wp\/v2\/types\/page"}],"author":[{"embeddable":true,"href":"https:\/\/satenergy.com\/wp3\/wp-json\/wp\/v2\/users\/1"}],"replies":[{"embeddable":true,"href":"https:\/\/satenergy.com\/wp3\/wp-json\/wp\/v2\/comments?post=257"}],"version-history":[{"count":60,"href":"https:\/\/satenergy.com\/wp3\/wp-json\/wp\/v2\/pages\/257\/revisions"}],"predecessor-version":[{"id":1502,"href":"https:\/\/satenergy.com\/wp3\/wp-json\/wp\/v2\/pages\/257\/revisions\/1502"}],"wp:attachment":[{"href":"https:\/\/satenergy.com\/wp3\/wp-json\/wp\/v2\/media?parent=257"}],"curies":[{"name":"wp","href":"https:\/\/api.w.org\/{rel}","templated":true}]}}