{"id":81,"date":"2025-03-25T09:55:28","date_gmt":"2025-03-25T09:55:28","guid":{"rendered":"https:\/\/satenergy.com\/wp3\/?page_id=81"},"modified":"2025-05-16T16:49:42","modified_gmt":"2025-05-16T15:49:42","slug":"produtos","status":"publish","type":"page","link":"https:\/\/satenergy.com\/wp3\/produtos\/","title":{"rendered":"Produtos"},"content":{"rendered":"\n\n\n<h2>Comercializamos os seguintes produtos:<\/h2>\n\n\n\n\n\n\n\n\n\n<h3>Dispositivos de sinaliza\u00e7\u00e3o de linhas a\u00e9reas<\/h3>\n\n\n\n\n\n\n<h4>Nas seguintes cores:<\/h4>\n\n\n\n\n\n\n\n\n\n\n\n\n\n\n\n\n<h3>Acess\u00f3rios<\/h3>\n\n\n\n\n\n<p style=\"text-align: center;\"><span style=\"color: rgb(9, 134, 192); font-size: 28px; font-weight: 600; text-align: center;\">Caixas Fim de Cabo<\/span><\/p>\n\n\n<h2><span style=\"color: rgb(9, 134, 192); font-size: 28px; text-align: center;\">Acess\u00f3rios Termoretr\u00e1teis<\/span><\/h2>\n\n\n\n\n<p style=\"text-align: center;\"><span style=\"color: rgb(9, 134, 192); font-size: 28px; font-weight: 600; text-align: center;\">Abra\u00e7adeiras de Alum\u00ednio<\/span><\/p>\n\n\n\n\n\n\n\n\n\n\n\n\n\n","protected":false},"excerpt":{"rendered":"","protected":false},"author":1,"featured_media":0,"parent":0,"menu_order":0,"comment_status":"closed","ping_status":"closed","template":"","meta":{"pagelayer_contact_templates":[],"_pagelayer_content":"","footnotes":""},"class_list":["post-81","page","type-page","status-publish","hentry"],"_links":{"self":[{"href":"https:\/\/satenergy.com\/wp3\/wp-json\/wp\/v2\/pages\/81","targetHints":{"allow":["GET"]}}],"collection":[{"href":"https:\/\/satenergy.com\/wp3\/wp-json\/wp\/v2\/pages"}],"about":[{"href":"https:\/\/satenergy.com\/wp3\/wp-json\/wp\/v2\/types\/page"}],"author":[{"embeddable":true,"href":"https:\/\/satenergy.com\/wp3\/wp-json\/wp\/v2\/users\/1"}],"replies":[{"embeddable":true,"href":"https:\/\/satenergy.com\/wp3\/wp-json\/wp\/v2\/comments?post=81"}],"version-history":[{"count":1,"href":"https:\/\/satenergy.com\/wp3\/wp-json\/wp\/v2\/pages\/81\/revisions"}],"predecessor-version":[{"id":1414,"href":"https:\/\/satenergy.com\/wp3\/wp-json\/wp\/v2\/pages\/81\/revisions\/1414"}],"wp:attachment":[{"href":"https:\/\/satenergy.com\/wp3\/wp-json\/wp\/v2\/media?parent=81"}],"curies":[{"name":"wp","href":"https:\/\/api.w.org\/{rel}","templated":true}]}}